{"id":2,"date":"2022-08-16T09:20:43","date_gmt":"2022-08-16T12:20:43","guid":{"rendered":"http:\/\/34.39.255.174\/?page_id=2"},"modified":"2023-07-04T11:26:12","modified_gmt":"2023-07-04T14:26:12","slug":"nosotros","status":"publish","type":"page","link":"https:\/\/ayni.mascomunidad.org.ar\/en\/nosotros\/","title":{"rendered":"About AYNI"},"content":{"rendered":"<h5 class=\"wp-block-heading has-text-color\" style=\"color:#00a8a8\"><strong>About us?<\/strong><\/h5>\n\n\n\n<p><strong>AYNI<\/strong> It means reciprocity and mutualism between people and communities in the Quechua language. We are one<strong> initiative<\/strong> promoted by organizations (RIL, CoLab, V\u00eda Educaci\u00f3n and Ashoka) committed to <strong>systemic innovation<\/strong>, he<strong> collaborative leadership<\/strong> and the<strong> transformation of cities<\/strong>.&nbsp;<\/p>\n\n\n\n<h5 class=\"wp-block-heading has-text-color\" style=\"color:#00a8a8\"><strong>What do we do?<\/strong><\/h5>\n\n\n\n<p>We unite, train and accompany a community of local innovators from different sectors who collaborate and co-create collective initiatives with systemic impact in cities around the world.<\/p>\n\n\n\n<h5 class=\"wp-block-heading has-text-color\" style=\"color:#00a8a8\"><strong>How do we do it?<\/strong><\/h5>\n\n\n\n<p><strong>Local Innovators Program: <\/strong>A powerful 6-month co-creation experience for teams of social entrepreneurs, local government leaders, young learners, communicators and other city leaders, where collective initiatives with systemic impact are incubated and accelerated.<\/p>\n\n\n\n<p><strong>Local Solutions Marketplace:<\/strong> A marketplace to develop and invest in collective initiatives with systemic impact.<\/p>\n\n\n\n<p><strong>Peer community:<\/strong> A global community of local innovators made up of social entrepreneurs, local government leaders, young learners and communicators, who connect, exchange and strengthen each other to multiply impact initiatives in cities.<\/p>\n\n\n\n<p><strong>AYNI in stories: <\/strong>A platform where communicators make visible the challenges, solutions and stories of transformation that occur in the cities that are part of AYNI<\/p>\n\n\n\n<h5 class=\"wp-block-heading has-text-color\" style=\"color:#00a8a8\"><strong>Why AYNI in Stories?<\/strong><\/h5>\n\n\n\n<p>At AYNI en Historias, we want to tell you about the people who are creating initiatives, from a systemic and collaborative approach, that seek to solve the most urgent problems that their citizens experience.<\/p>\n\n\n\n<p>We seek to inspire you through experiences, actions and tools of systemic innovation and collaborative leadership.<\/p>\n\n\n\n<h5 class=\"wp-block-heading has-text-color\" style=\"color:#00a8a8\"><b>What type of information <\/b><strong>can you find it in our notes?<\/strong><\/h5>\n\n\n\n<p><strong>AYNI in the magnifying glass:<\/strong> In these notes we tell you about the processes, searches, solutions and ideas that the teams that are part of our AYNI ecosystem are going through.<\/p>\n\n\n\n<p><strong>Sustainable habitats \/ Inclusion and equity \/ Economic opportunities \/ New and different capacities<\/strong>: These are the thematic axes that run through the initiatives of the teams that are part of our AYNI ecosystem.<\/p>\n\n\n\n<h5 class=\"wp-block-heading has-text-color\" style=\"color:#00a8a8\">                                          <\/h5>","protected":false},"excerpt":{"rendered":"<p>\u00bfQui\u00e9nes somos? AYNI significa reciprocidad y mutualismo entre personas y comunidades en el idioma Quechua. Somos una iniciativa impulsada por organizaciones (RIL, CoLab, V\u00eda Educaci\u00f3n y Ashoka) comprometidas con la innovaci\u00f3n sist\u00e9mica, el liderazgo colaborativo y la transformaci\u00f3n de las ciudades.&nbsp; \u00bfQu\u00e9 hacemos? Unimos, formamos y acompa\u00f1amos a una comunidad de innovadores locales de distintos [&hellip;]<\/p>","protected":false},"author":1,"featured_media":440,"parent":0,"menu_order":0,"comment_status":"closed","ping_status":"open","template":"","meta":{"footnotes":""},"class_list":["post-2","page","type-page","status-publish","has-post-thumbnail","hentry"],"yoast_head":"<!-- This site is optimized with the Yoast SEO plugin v26.9 - https:\/\/yoast.com\/product\/yoast-seo-wordpress\/ -->\n<title>Acerca de AYNI - AYNI en Historias<\/title>\n<meta name=\"robots\" content=\"index, follow, max-snippet:-1, max-image-preview:large, max-video-preview:-1\" \/>\n<link rel=\"canonical\" href=\"https:\/\/ayni.mascomunidad.org.ar\/en\/nosotros\/\" \/>\n<meta property=\"og:locale\" content=\"en_US\" \/>\n<meta property=\"og:type\" content=\"article\" \/>\n<meta property=\"og:title\" content=\"Acerca de AYNI - AYNI en Historias\" \/>\n<meta property=\"og:description\" content=\"\u00bfQui\u00e9nes somos? AYNI significa reciprocidad y mutualismo entre personas y comunidades en el idioma Quechua. Somos una iniciativa impulsada por organizaciones (RIL, CoLab, V\u00eda Educaci\u00f3n y Ashoka) comprometidas con la innovaci\u00f3n sist\u00e9mica, el liderazgo colaborativo y la transformaci\u00f3n de las ciudades.&nbsp; \u00bfQu\u00e9 hacemos? Unimos, formamos y acompa\u00f1amos a una comunidad de innovadores locales de distintos [&hellip;]\" \/>\n<meta property=\"og:url\" content=\"https:\/\/ayni.mascomunidad.org.ar\/en\/nosotros\/\" \/>\n<meta property=\"og:site_name\" content=\"AYNI en Historias\" \/>\n<meta property=\"article:modified_time\" content=\"2023-07-04T14:26:12+00:00\" \/>\n<meta property=\"og:image\" content=\"https:\/\/ayni.mascomunidad.org.ar\/wp-content\/uploads\/2020\/01\/plataforma-04-scaled.jpeg\" \/>\n\t<meta property=\"og:image:width\" content=\"2560\" \/>\n\t<meta property=\"og:image:height\" content=\"1415\" \/>\n\t<meta property=\"og:image:type\" content=\"image\/jpeg\" \/>\n<meta name=\"twitter:card\" content=\"summary_large_image\" \/>\n<meta name=\"twitter:label1\" content=\"Est. reading time\" \/>\n\t<meta name=\"twitter:data1\" content=\"2 minutes\" \/>\n<script type=\"application\/ld+json\" class=\"yoast-schema-graph\">{\"@context\":\"https:\/\/schema.org\",\"@graph\":[{\"@type\":\"WebPage\",\"@id\":\"https:\/\/ayni.mascomunidad.org.ar\/nosotros\/\",\"url\":\"https:\/\/ayni.mascomunidad.org.ar\/nosotros\/\",\"name\":\"Acerca de AYNI - AYNI en Historias\",\"isPartOf\":{\"@id\":\"https:\/\/ayni.mascomunidad.org.ar\/#website\"},\"primaryImageOfPage\":{\"@id\":\"https:\/\/ayni.mascomunidad.org.ar\/nosotros\/#primaryimage\"},\"image\":{\"@id\":\"https:\/\/ayni.mascomunidad.org.ar\/nosotros\/#primaryimage\"},\"thumbnailUrl\":\"https:\/\/ayni.mascomunidad.org.ar\/wp-content\/uploads\/2020\/01\/plataforma-04-scaled.jpeg\",\"datePublished\":\"2022-08-16T12:20:43+00:00\",\"dateModified\":\"2023-07-04T14:26:12+00:00\",\"breadcrumb\":{\"@id\":\"https:\/\/ayni.mascomunidad.org.ar\/nosotros\/#breadcrumb\"},\"inLanguage\":\"en-US\",\"potentialAction\":[{\"@type\":\"ReadAction\",\"target\":[\"https:\/\/ayni.mascomunidad.org.ar\/nosotros\/\"]}]},{\"@type\":\"ImageObject\",\"inLanguage\":\"en-US\",\"@id\":\"https:\/\/ayni.mascomunidad.org.ar\/nosotros\/#primaryimage\",\"url\":\"https:\/\/ayni.mascomunidad.org.ar\/wp-content\/uploads\/2020\/01\/plataforma-04-scaled.jpeg\",\"contentUrl\":\"https:\/\/ayni.mascomunidad.org.ar\/wp-content\/uploads\/2020\/01\/plataforma-04-scaled.jpeg\",\"width\":2560,\"height\":1415},{\"@type\":\"BreadcrumbList\",\"@id\":\"https:\/\/ayni.mascomunidad.org.ar\/nosotros\/#breadcrumb\",\"itemListElement\":[{\"@type\":\"ListItem\",\"position\":1,\"name\":\"Inicio\",\"item\":\"https:\/\/ayni.mascomunidad.org.ar\/\"},{\"@type\":\"ListItem\",\"position\":2,\"name\":\"Acerca de AYNI\"}]},{\"@type\":\"WebSite\",\"@id\":\"https:\/\/ayni.mascomunidad.org.ar\/#website\",\"url\":\"https:\/\/ayni.mascomunidad.org.ar\/\",\"name\":\"AYNI en Historias\",\"description\":\"Progama de Innovadores Locales\",\"potentialAction\":[{\"@type\":\"SearchAction\",\"target\":{\"@type\":\"EntryPoint\",\"urlTemplate\":\"https:\/\/ayni.mascomunidad.org.ar\/?s={search_term_string}\"},\"query-input\":{\"@type\":\"PropertyValueSpecification\",\"valueRequired\":true,\"valueName\":\"search_term_string\"}}],\"inLanguage\":\"en-US\"}]}<\/script>\n<!-- \/ Yoast SEO plugin. -->","yoast_head_json":{"title":"Acerca de AYNI - AYNI en Historias","robots":{"index":"index","follow":"follow","max-snippet":"max-snippet:-1","max-image-preview":"max-image-preview:large","max-video-preview":"max-video-preview:-1"},"canonical":"https:\/\/ayni.mascomunidad.org.ar\/en\/nosotros\/","og_locale":"en_US","og_type":"article","og_title":"Acerca de AYNI - AYNI en Historias","og_description":"\u00bfQui\u00e9nes somos? AYNI significa reciprocidad y mutualismo entre personas y comunidades en el idioma Quechua. Somos una iniciativa impulsada por organizaciones (RIL, CoLab, V\u00eda Educaci\u00f3n y Ashoka) comprometidas con la innovaci\u00f3n sist\u00e9mica, el liderazgo colaborativo y la transformaci\u00f3n de las ciudades.&nbsp; \u00bfQu\u00e9 hacemos? Unimos, formamos y acompa\u00f1amos a una comunidad de innovadores locales de distintos [&hellip;]","og_url":"https:\/\/ayni.mascomunidad.org.ar\/en\/nosotros\/","og_site_name":"AYNI en Historias","article_modified_time":"2023-07-04T14:26:12+00:00","og_image":[{"width":2560,"height":1415,"url":"https:\/\/ayni.mascomunidad.org.ar\/wp-content\/uploads\/2020\/01\/plataforma-04-scaled.jpeg","type":"image\/jpeg"}],"twitter_card":"summary_large_image","twitter_misc":{"Est. reading time":"2 minutes"},"schema":{"@context":"https:\/\/schema.org","@graph":[{"@type":"WebPage","@id":"https:\/\/ayni.mascomunidad.org.ar\/nosotros\/","url":"https:\/\/ayni.mascomunidad.org.ar\/nosotros\/","name":"Acerca de AYNI - AYNI en Historias","isPartOf":{"@id":"https:\/\/ayni.mascomunidad.org.ar\/#website"},"primaryImageOfPage":{"@id":"https:\/\/ayni.mascomunidad.org.ar\/nosotros\/#primaryimage"},"image":{"@id":"https:\/\/ayni.mascomunidad.org.ar\/nosotros\/#primaryimage"},"thumbnailUrl":"https:\/\/ayni.mascomunidad.org.ar\/wp-content\/uploads\/2020\/01\/plataforma-04-scaled.jpeg","datePublished":"2022-08-16T12:20:43+00:00","dateModified":"2023-07-04T14:26:12+00:00","breadcrumb":{"@id":"https:\/\/ayni.mascomunidad.org.ar\/nosotros\/#breadcrumb"},"inLanguage":"en-US","potentialAction":[{"@type":"ReadAction","target":["https:\/\/ayni.mascomunidad.org.ar\/nosotros\/"]}]},{"@type":"ImageObject","inLanguage":"en-US","@id":"https:\/\/ayni.mascomunidad.org.ar\/nosotros\/#primaryimage","url":"https:\/\/ayni.mascomunidad.org.ar\/wp-content\/uploads\/2020\/01\/plataforma-04-scaled.jpeg","contentUrl":"https:\/\/ayni.mascomunidad.org.ar\/wp-content\/uploads\/2020\/01\/plataforma-04-scaled.jpeg","width":2560,"height":1415},{"@type":"BreadcrumbList","@id":"https:\/\/ayni.mascomunidad.org.ar\/nosotros\/#breadcrumb","itemListElement":[{"@type":"ListItem","position":1,"name":"Inicio","item":"https:\/\/ayni.mascomunidad.org.ar\/"},{"@type":"ListItem","position":2,"name":"Acerca de AYNI"}]},{"@type":"WebSite","@id":"https:\/\/ayni.mascomunidad.org.ar\/#website","url":"https:\/\/ayni.mascomunidad.org.ar\/","name":"AYNI in Stories","description":"Local Innovators Program","potentialAction":[{"@type":"SearchAction","target":{"@type":"EntryPoint","urlTemplate":"https:\/\/ayni.mascomunidad.org.ar\/?s={search_term_string}"},"query-input":{"@type":"PropertyValueSpecification","valueRequired":true,"valueName":"search_term_string"}}],"inLanguage":"en-US"}]}},"amp_enabled":true,"_links":{"self":[{"href":"https:\/\/ayni.mascomunidad.org.ar\/en\/wp-json\/wp\/v2\/pages\/2","targetHints":{"allow":["GET"]}}],"collection":[{"href":"https:\/\/ayni.mascomunidad.org.ar\/en\/wp-json\/wp\/v2\/pages"}],"about":[{"href":"https:\/\/ayni.mascomunidad.org.ar\/en\/wp-json\/wp\/v2\/types\/page"}],"author":[{"embeddable":true,"href":"https:\/\/ayni.mascomunidad.org.ar\/en\/wp-json\/wp\/v2\/users\/1"}],"replies":[{"embeddable":true,"href":"https:\/\/ayni.mascomunidad.org.ar\/en\/wp-json\/wp\/v2\/comments?post=2"}],"version-history":[{"count":8,"href":"https:\/\/ayni.mascomunidad.org.ar\/en\/wp-json\/wp\/v2\/pages\/2\/revisions"}],"predecessor-version":[{"id":734,"href":"https:\/\/ayni.mascomunidad.org.ar\/en\/wp-json\/wp\/v2\/pages\/2\/revisions\/734"}],"wp:featuredmedia":[{"embeddable":true,"href":"https:\/\/ayni.mascomunidad.org.ar\/en\/wp-json\/wp\/v2\/media\/440"}],"wp:attachment":[{"href":"https:\/\/ayni.mascomunidad.org.ar\/en\/wp-json\/wp\/v2\/media?parent=2"}],"curies":[{"name":"wp","href":"https:\/\/api.w.org\/{rel}","templated":true}]}}